

{"id":26353,"date":"2023-11-24T00:16:52","date_gmt":"2023-11-24T00:16:52","guid":{"rendered":"https:\/\/www.clickanalytic.com\/?page_id=26353"},"modified":"2026-04-22T16:59:19","modified_gmt":"2026-04-22T15:59:19","slug":"webinar-5-key-influencer-marketing-trends-in-2024","status":"publish","type":"page","link":"https:\/\/www.clickanalytic.com\/nl\/webinar-5-key-influencer-marketing-trends-in-2024\/","title":{"rendered":"5 belangrijke influencer marketingtrends in 2024"},"content":{"rendered":"<p>[et_pb_section fb_built=&#8221;1&#8243; custom_padding_last_edited=&#8221;on|tablet&#8221; module_class=&#8221;herowebinarv1&#8243; _builder_version=&#8221;4.23.1&#8243; _module_preset=&#8221;default&#8221; background_color=&#8221;#fff1f7&#8243; background_image=&#8221;https:\/\/www.clickanalytic.com\/wp-content\/uploads\/2023\/11\/Social-media-pana-1.png&#8221; background_size=&#8221;custom&#8221; background_image_height=&#8221;280px&#8221; background_position=&#8221;bottom_center&#8221; custom_padding_tablet=&#8221;90px||90px||true|false&#8221; custom_padding_phone=&#8221;90px||90px||true|false&#8221; background_last_edited=&#8221;on|tablet&#8221; background_image_height_tablet=&#8221;190px&#8221; background_position_tablet=&#8221;bottom_right&#8221; global_colors_info=&#8221;{}&#8221;][et_pb_row column_structure=&#8221;1_2,1_2&#8243; _builder_version=&#8221;4.23.1&#8243; _module_preset=&#8221;default&#8221; width=&#8221;90%&#8221; max_width=&#8221;1920px&#8221; global_colors_info=&#8221;{}&#8221;][et_pb_column type=&#8221;1_2&#8243; _builder_version=&#8221;4.23.1&#8243; _module_preset=&#8221;default&#8221; global_colors_info=&#8221;{}&#8221;][et_pb_text _builder_version=&#8221;4.23.1&#8243; text_font=&#8221;Nunito Sans||||||||&#8221; text_text_color=&#8221;#ffffff&#8221; text_font_size=&#8221;18px&#8221; text_line_height=&#8221;1.8em&#8221; header_font=&#8221;Montserrat|900|||||||&#8221; header_text_align=&#8221;left&#8221; header_text_color=&#8221;#1c1c1c&#8221; header_font_size=&#8221;38px&#8221; header_line_height=&#8221;1.3em&#8221; header_2_font=&#8221;||||||||&#8221; header_2_font_size=&#8221;35px&#8221; header_2_line_height=&#8221;1.4em&#8221; max_width=&#8221;80%&#8221; max_width_tablet=&#8221;100%&#8221; max_width_phone=&#8221;100%&#8221; max_width_last_edited=&#8221;on|tablet&#8221; module_alignment=&#8221;left&#8221; custom_margin=&#8221;||10px||false|false&#8221; header_text_align_tablet=&#8221;center&#8221; header_text_align_phone=&#8221;center&#8221; header_text_align_last_edited=&#8221;on|phone&#8221; header_font_size_tablet=&#8221;38px&#8221; header_font_size_phone=&#8221;32px&#8221; header_font_size_last_edited=&#8221;on|phone&#8221; locked=&#8221;off&#8221; global_colors_info=&#8221;{}&#8221;]<\/p>\n<h1>\ud83d\udcf9 Live Webinar:<br \/>\nDive into the Future of the Creator Economy<\/h1>\n<p>[\/et_pb_text][et_pb_text _builder_version=&#8221;4.23.1&#8243; _module_preset=&#8221;default&#8221; text_font=&#8221;Montserrat||||||||&#8221; text_text_color=&#8221;#1c1c1c&#8221; text_font_size=&#8221;22px&#8221; text_line_height=&#8221;1.5em&#8221; header_4_font=&#8221;Montserrat||||||||&#8221; header_4_text_color=&#8221;#1c1c1c&#8221; header_4_font_size=&#8221;24px&#8221; header_4_line_height=&#8221;1.5em&#8221; max_width=&#8221;80%&#8221; max_width_tablet=&#8221;100%&#8221; max_width_phone=&#8221;100%&#8221; max_width_last_edited=&#8221;on|tablet&#8221; custom_margin=&#8221;||40px||false|false&#8221; text_font_size_tablet=&#8221;24px&#8221; text_font_size_phone=&#8221;22px&#8221; text_font_size_last_edited=&#8221;on|phone&#8221; header_4_font_size_tablet=&#8221;&#8221; header_4_font_size_phone=&#8221;18px&#8221; header_4_font_size_last_edited=&#8221;on|desktop&#8221; text_orientation_tablet=&#8221;center&#8221; text_orientation_phone=&#8221;center&#8221; text_orientation_last_edited=&#8221;on|phone&#8221; global_colors_info=&#8221;{}&#8221;]<\/p>\n<p><strong>5 key influencer marketing trends in 2024<\/strong><\/p>\n<p>[\/et_pb_text][\/et_pb_column][et_pb_column type=&#8221;1_2&#8243; _builder_version=&#8221;4.23.1&#8243; _module_preset=&#8221;default&#8221; global_colors_info=&#8221;{}&#8221;][\/et_pb_column][\/et_pb_row][\/et_pb_section][et_pb_section fb_built=&#8221;1&#8243; module_class=&#8221;key-form-row&#8221; _builder_version=&#8221;4.23.1&#8243; _module_preset=&#8221;default&#8221; global_colors_info=&#8221;{}&#8221;][et_pb_row column_structure=&#8221;3_5,2_5&#8243; _builder_version=&#8221;4.23.1&#8243; _module_preset=&#8221;default&#8221; width=&#8221;90%&#8221; max_width=&#8221;1920px&#8221; global_colors_info=&#8221;{}&#8221;][et_pb_column type=&#8221;3_5&#8243; _builder_version=&#8221;4.23.1&#8243; _module_preset=&#8221;default&#8221; global_colors_info=&#8221;{}&#8221;][et_pb_text _builder_version=&#8221;4.23.1&#8243; _module_preset=&#8221;default&#8221; text_font=&#8221;Montserrat||||||||&#8221; text_text_color=&#8221;#1c1c1c&#8221; text_font_size=&#8221;22px&#8221; text_line_height=&#8221;1.65em&#8221; header_4_font=&#8221;Montserrat||||||||&#8221; header_4_text_color=&#8221;#1c1c1c&#8221; header_4_font_size=&#8221;24px&#8221; header_4_line_height=&#8221;1.5em&#8221; custom_margin=&#8221;||40px||false|false&#8221; text_font_size_tablet=&#8221;24px&#8221; text_font_size_phone=&#8221;18px&#8221; text_font_size_last_edited=&#8221;on|phone&#8221; header_4_font_size_tablet=&#8221;&#8221; header_4_font_size_phone=&#8221;18px&#8221; header_4_font_size_last_edited=&#8221;on|desktop&#8221; text_orientation_tablet=&#8221;&#8221; text_orientation_phone=&#8221;center&#8221; text_orientation_last_edited=&#8221;on|phone&#8221; global_colors_info=&#8221;{}&#8221;]<\/p>\n<p>As we approach 2024, the influencer marketing will reach a staggering $30.81 billion in ad spend.<\/p>\n<p>This growth brings exciting new frontiers: the rise of TikTok and short video formats, live shopping turning, user-generated content, and more.<\/p>\n<p>But are you ready for this shift?<br \/>Do you know how to take advantage of these new trends?<\/p>\n<p>[\/et_pb_text][et_pb_code _builder_version=&#8221;4.23.1&#8243; _module_preset=&#8221;default&#8221; max_width=&#8221;720px&#8221; max_width_tablet=&#8221;720px&#8221; max_width_phone=&#8221;720px&#8221; max_width_last_edited=&#8221;on|phone&#8221; hover_enabled=&#8221;0&#8243; global_colors_info=&#8221;{}&#8221; sticky_enabled=&#8221;0&#8243;]<\/p>\n<div class=\"learning-section\"><!-- [et_pb_line_break_holder] -->    <\/p>\n<h2>Learn from experts<\/h2>\n<p><!-- [et_pb_line_break_holder] -->    <\/p>\n<div class=\"experts\"><!-- [et_pb_line_break_holder] -->    <\/p>\n<div><!-- [et_pb_line_break_holder] -->    <\/p>\n<div class=\"expert\"><!-- [et_pb_line_break_holder] -->        <img decoding=\"async\" src=\"https:\/\/www.clickanalytic.com\/wp-content\/uploads\/2023\/08\/paul-boultlet.jpeg\" alt=\"Paul Boulet\" class=\"expert-photo\" title=\"\"><!-- [et_pb_line_break_holder] -->      <\/p>\n<div class=\"expert-info\"><!-- [et_pb_line_break_holder] -->        <\/p>\n<h3>Paul Boulet<\/h3>\n<p><!-- [et_pb_line_break_holder] -->        <pee>Founder &#038; CEO<!\u2013- [et_pb_br_holder] -\u2013>at Click Analytic<\/pee><!-- [et_pb_line_break_holder] -->      <\/div>\n<p>      <!-- [et_pb_line_break_holder] -->    <\/div>\n<p><!-- [et_pb_line_break_holder] -->       <pee class=\"quoteexpert\"><i class=\"fa-solid fa-chevron-right\"><\/i> Ex. Influencer Manager at Skyn ICELAND<\/pee><!-- [et_pb_line_break_holder] -->      <pee class=\"quoteexpert\"><i class=\"fa-solid fa-chevron-right\"><\/i> Guest speaker at University of Neuch\u00e2tel<\/pee><!-- [et_pb_line_break_holder] -->      <pee class=\"quoteexpert\"><i class=\"fa-solid fa-chevron-right\"><\/i> Built a successful AI tool to automate influencer relations<\/pee><!-- [et_pb_line_break_holder] -->      <\/div>\n<p><!-- [et_pb_line_break_holder] -->      <!-- [et_pb_line_break_holder] -->    <\/p>\n<div>  <!-- [et_pb_line_break_holder] -->    <\/p>\n<div class=\"expert\"><!-- [et_pb_line_break_holder] -->        <img decoding=\"async\" src=\"https:\/\/www.clickanalytic.com\/wp-content\/uploads\/2023\/11\/dan-albert-clickanalytic-2.jpeg\" alt=\"Dan Albert\" class=\"expert-photo\" title=\"\"><!-- [et_pb_line_break_holder] -->      <\/p>\n<div class=\"expert-info\"><!-- [et_pb_line_break_holder] -->        <\/p>\n<h3>Dan Albert<\/h3>\n<p><!-- [et_pb_line_break_holder] -->        <pee>Co-Founder at<!\u2013- [et_pb_br_holder] -\u2013>456 Growth Media<\/pee><!-- [et_pb_line_break_holder] -->      <\/div>\n<p><!-- [et_pb_line_break_holder] -->    <\/div>\n<p><!-- [et_pb_line_break_holder] -->      <pee class=\"quoteexpert\"><i class=\"fa-solid fa-chevron-right\"><\/i> Ex. Senior Agent at CEG<\/pee><!-- [et_pb_line_break_holder] -->      <pee class=\"quoteexpert\"><i class=\"fa-solid fa-chevron-right\"><\/i> Investor in multiple DTC brands<\/pee><!-- [et_pb_line_break_holder] -->      <pee class=\"quoteexpert\"><i class=\"fa-solid fa-chevron-right\"><\/i> Owner of the fastest growing Influencer agency in the US<\/pee><!-- [et_pb_line_break_holder] -->      <\/div>\n<p><!-- [et_pb_line_break_holder] -->  <\/div>\n<p><!-- [et_pb_line_break_holder] -->\t\t<\/p>\n<h2>What will you learn?<\/h3>\n<p><!-- [et_pb_line_break_holder] -->    <\/p>\n<div class=\"learning-points\"><!-- [et_pb_line_break_holder] -->        <!-- [et_pb_line_break_holder] -->        <\/p>\n<div><!-- [et_pb_line_break_holder] -->           <pee><!-- [et_pb_line_break_holder] -->             <i class=\"fa fa-check\" aria-hidden=\"true\"><\/i> Navigate TikTok&#8217;s Terrain<!-- [et_pb_line_break_holder] -->          <\/pee><!-- [et_pb_line_break_holder] -->            <pee><!-- [et_pb_line_break_holder] -->             <i class=\"fa fa-check\" aria-hidden=\"true\"><\/i> How brands are using UGCs<!-- [et_pb_line_break_holder] -->          <\/pee><!-- [et_pb_line_break_holder] -->      <\/div>\n<p><!-- [et_pb_line_break_holder] -->      <\/p>\n<div><!-- [et_pb_line_break_holder] -->           <pee><!-- [et_pb_line_break_holder] -->             <i class=\"fa fa-check\" aria-hidden=\"true\"><\/i> Harnessing authentic voices<!-- [et_pb_line_break_holder] -->          <\/pee><!-- [et_pb_line_break_holder] -->            <pee><!-- [et_pb_line_break_holder] -->             <i class=\"fa fa-check\" aria-hidden=\"true\"><\/i> Leveraginge live shopping<!-- [et_pb_line_break_holder] -->          <\/pee><!-- [et_pb_line_break_holder] -->      <\/div>\n<p><!-- [et_pb_line_break_holder] -->            <!-- [et_pb_line_break_holder] -->        <!-- [et_pb_line_break_holder] -->    <\/div>\n<p><!-- [et_pb_line_break_holder] -->  <pee class=\"muchmore\">And much more!<\/pee><!-- [et_pb_line_break_holder] --><\/div>\n<p><!-- [et_pb_line_break_holder] -->[\/et_pb_code][\/et_pb_column][et_pb_column type=&#8221;2_5&#8243; module_class=&#8221;formwebinarcol&#8221; _builder_version=&#8221;4.23.1&#8243; _module_preset=&#8221;default&#8221; background_color=&#8221;#f5f5f8&#8243; custom_padding=&#8221;40px|40px|40px|40px|true|true&#8221; custom_css_main_element=&#8221;box-shadow: 0px 0px 10px 5px #0000000D;&#8221; custom_css_free_form=&#8221;box-shadow: 0px 0px 10px 5px #0000000D;&#8221; border_radii=&#8221;on|20px|20px|20px|20px&#8221; global_colors_info=&#8221;{}&#8221;][et_pb_text _builder_version=&#8221;4.23.1&#8243; _module_preset=&#8221;default&#8221; header_font=&#8221;Montserrat|900|||||||&#8221; header_text_color=&#8221;#192a3d&#8221; header_font_size=&#8221;70px&#8221; header_2_font=&#8221;Montserrat|800|||||||&#8221; header_2_text_align=&#8221;left&#8221; header_2_text_color=&#8221;#1c1c1c&#8221; header_2_font_size=&#8221;42px&#8221; header_font_size_tablet=&#8221;60px&#8221; header_font_size_phone=&#8221;50px&#8221; header_font_size_last_edited=&#8221;on|desktop&#8221; header_2_font_size_tablet=&#8221;60px&#8221; header_2_font_size_phone=&#8221;50px&#8221; header_2_font_size_last_edited=&#8221;on|phone&#8221; locked=&#8221;off&#8221; global_colors_info=&#8221;{}&#8221;]<\/p>\n<h2>Don\u2019t miss it!<\/h2>\n<p>[\/et_pb_text][et_pb_text _builder_version=&#8221;4.23.1&#8243; _module_preset=&#8221;default&#8221; text_font=&#8221;Montserrat||||||||&#8221; text_text_color=&#8221;#1c1c1c&#8221; text_font_size=&#8221;19px&#8221; text_line_height=&#8221;1.5em&#8221; header_4_font=&#8221;Montserrat||||||||&#8221; header_4_text_color=&#8221;#1c1c1c&#8221; header_4_font_size=&#8221;24px&#8221; header_4_line_height=&#8221;1.5em&#8221; custom_margin=&#8221;||40px||false|false&#8221; text_font_size_tablet=&#8221;24px&#8221; text_font_size_phone=&#8221;18px&#8221; text_font_size_last_edited=&#8221;on|phone&#8221; header_4_font_size_tablet=&#8221;&#8221; header_4_font_size_phone=&#8221;18px&#8221; header_4_font_size_last_edited=&#8221;on|desktop&#8221; text_orientation_tablet=&#8221;&#8221; text_orientation_phone=&#8221;left&#8221; text_orientation_last_edited=&#8221;on|phone&#8221; global_colors_info=&#8221;{}&#8221;]<\/p>\n<div class=\"datehourinv\">\n<div><i class=\"fa-regular fa-calendar\"><\/i> December 7 <br \/>(4pm CET)<\/div>\n<div style=\"margin-left:50px;\"><i class=\"fa-regular fa-clock\"><\/i> 45 minutes<\/div>\n<\/div>\n<p>[\/et_pb_text][et_pb_code _builder_version=&#8221;4.23.1&#8243; _module_preset=&#8221;default&#8221; global_colors_info=&#8221;{}&#8221;]<\/p>\n<div id=\"mc_embed_shell\"><!-- [et_pb_line_break_holder] -->      <link href=\"\/\/cdn-images.mailchimp.com\/embedcode\/classic-061523.css\" rel=\"stylesheet\" type=\"text\/css\"><!-- [et_pb_line_break_holder] -->  <\/p>\n<style type=\"text\/css\"><!-- [et_pb_line_break_holder] --><\/style>\n<p><!-- [et_pb_line_break_holder] --><\/p>\n<div id=\"mc_embed_signup\"><!-- [et_pb_line_break_holder] -->    <\/p>\n<form action=\"https:\/\/clickanalytic.us7.list-manage.com\/subscribe\/post?u=655c847087c56ef987062b126&#038;id=2ab2e134a8&#038;f_id=00b3cee4f0\" method=\"post\" id=\"mc-embedded-subscribe-form\" name=\"mc-embedded-subscribe-form\" class=\"validate\" target=\"_blank\"><!-- [et_pb_line_break_holder] -->        <\/p>\n<div id=\"mc_embed_signup_scroll\"><!-- [et_pb_line_break_holder] -->            <\/p>\n<div class=\"mc-field-group\"><input placeholder=\"Email\" type=\"email\" name=\"EMAIL\" class=\"required email\" id=\"mce-EMAIL\" required=\"\" value=\"\"><\/div>\n<div class=\"mc-field-group\"><input placeholder=\"First Name\" type=\"text\" name=\"FNAME\" class=\"required text\" id=\"mce-FNAME\" value=\"\" required=\"\"><\/div>\n<div class=\"mc-field-group\"><input type=\"text\" name=\"MMERGE8\" placeholder=\"Job Position\" class=\" text\" id=\"mce-MMERGE8\" value=\"\"><\/div>\n<div class=\"mc-field-group\"><input type=\"text\" placeholder=\"Company\" name=\"MMERGE9\" class=\" text\" id=\"mce-MMERGE9\" value=\"\"><\/div>\n<p><!-- [et_pb_line_break_holder] --><\/p>\n<div hidden=\"\"><input type=\"hidden\" name=\"tags\" value=\"7767663\"><\/div>\n<p><!-- [et_pb_line_break_holder] -->        <\/p>\n<div id=\"mce-responses\" class=\"clear\"><!-- [et_pb_line_break_holder] -->            <\/p>\n<div class=\"response\" id=\"mce-error-response\" style=\"display: none;\"><\/div>\n<p><!-- [et_pb_line_break_holder] -->            <\/p>\n<div class=\"response\" id=\"mce-success-response\" style=\"display: none;\">Registration Successful!<!-- [et_pb_line_break_holder] -->Thank you for signing up. Check your email for webinar details. We look forward to seeing you there!<\/div>\n<p><!-- [et_pb_line_break_holder] -->        <\/div>\n<div aria-hidden=\"true\" style=\"position: absolute; left: -5000px;\"><input type=\"text\" name=\"b_655c847087c56ef987062b126_2ab2e134a8\" tabindex=\"-1\" value=\"\"><\/div>\n<div class=\"clear btnform\"><input type=\"submit\" name=\"subscribe\" id=\"mc-embedded-subscribe\" class=\"button\" value=\"Save my seat!\"><\/div>\n<p><!-- [et_pb_line_break_holder] -->    <\/div>\n<p><!-- [et_pb_line_break_holder] --><\/form>\n<p><!-- [et_pb_line_break_holder] --><\/div>\n<p><!-- [et_pb_line_break_holder] --><script type=\"text\/javascript\" src=\"\/\/s3.amazonaws.com\/downloads.mailchimp.com\/js\/mc-validate.js\"><\/script><script type=\"text\/javascript\">(function($) {window.fnames = new Array(); window.ftypes = new Array();fnames[0]='EMAIL';ftypes[0]='email';fnames[1]='FNAME';ftypes[1]='text';fnames[8]='MMERGE8';ftypes[8]='text';fnames[9]='MMERGE9';ftypes[9]='text';fnames[4]='PHONE';ftypes[4]='phone';fnames[6]='WEBSITE';ftypes[6]='url';fnames[2]='MMERGE2';ftypes[2]='dropdown';fnames[7]='MMERGE7';ftypes[7]='dropdown';fnames[3]='MMERGE3';ftypes[3]='radio';fnames[5]='MMERGE5';ftypes[5]='text';}(jQuery));var $mcj = jQuery.noConflict(true);<\/script><!-- [et_pb_line_break_holder] --><script>document.getElementById('mc-embedded-subscribe-form').addEventListener('submit', function(event) {<!-- [et_pb_line_break_holder] -->    \/\/ A\u0219teapt\u0103 o scurt\u0103 perioad\u0103 de timp pentru a permite formularului s\u0103 fie trimis<!-- [et_pb_line_break_holder] -->    setTimeout(function() {<!-- [et_pb_line_break_holder] -->        window.location.href = 'https:\/\/www.clickanalytic.com\/wp-content\/uploads\/2023\/11\/Click-to-add-to-calendar.ics';<!-- [et_pb_line_break_holder] -->    }, 1000); \/\/ Ajusteaz\u0103 timpul dac\u0103 este necesar<!-- [et_pb_line_break_holder] -->});<\/script><\/div>\n<p><!-- [et_pb_line_break_holder] -->[\/et_pb_code][\/et_pb_column][\/et_pb_row][\/et_pb_section]<\/p>\n","protected":false},"excerpt":{"rendered":"<p>\ud83d\udcf9 Live Webinar: Dive into the Future of the Creator Economy5 key influencer marketing trends in 2024As we approach 2024, the influencer marketing will reach a staggering $30.81 billion in ad spend. This growth brings exciting new frontiers: the rise of TikTok and short video formats, live shopping turning, user-generated content, and more. But are [&hellip;]<\/p>\n","protected":false},"author":8,"featured_media":59500,"parent":0,"menu_order":0,"comment_status":"closed","ping_status":"closed","template":"","meta":{"_et_pb_use_builder":"on","_et_pb_old_content":"","_et_gb_content_width":"","inline_featured_image":false,"cybocfi_hide_featured_image":"","footnotes":""},"class_list":["post-26353","page","type-page","status-publish","has-post-thumbnail","hentry"],"_links":{"self":[{"href":"https:\/\/www.clickanalytic.com\/nl\/wp-json\/wp\/v2\/pages\/26353","targetHints":{"allow":["GET"]}}],"collection":[{"href":"https:\/\/www.clickanalytic.com\/nl\/wp-json\/wp\/v2\/pages"}],"about":[{"href":"https:\/\/www.clickanalytic.com\/nl\/wp-json\/wp\/v2\/types\/page"}],"author":[{"embeddable":true,"href":"https:\/\/www.clickanalytic.com\/nl\/wp-json\/wp\/v2\/users\/8"}],"replies":[{"embeddable":true,"href":"https:\/\/www.clickanalytic.com\/nl\/wp-json\/wp\/v2\/comments?post=26353"}],"version-history":[{"count":0,"href":"https:\/\/www.clickanalytic.com\/nl\/wp-json\/wp\/v2\/pages\/26353\/revisions"}],"wp:featuredmedia":[{"embeddable":true,"href":"https:\/\/www.clickanalytic.com\/nl\/wp-json\/wp\/v2\/media\/59500"}],"wp:attachment":[{"href":"https:\/\/www.clickanalytic.com\/nl\/wp-json\/wp\/v2\/media?parent=26353"}],"curies":[{"name":"wp","href":"https:\/\/api.w.org\/{rel}","templated":true}]}}